{"id":556,"date":"2022-11-02T22:03:28","date_gmt":"2022-11-02T22:03:28","guid":{"rendered":"https:\/\/honigdusche-shop.de\/?post_type=product&#038;p=556"},"modified":"2023-01-01T00:20:00","modified_gmt":"2023-01-01T00:20:00","slug":"printable-booklet-das-groesste-geschenk","status":"publish","type":"product","link":"https:\/\/honigdusche-shop.de\/?product=printable-booklet-das-groesste-geschenk","title":{"rendered":"Printable \/\/ Booklet: &#8222;Das gr\u00f6sste Geschenk&#8220;"},"content":{"rendered":"<p class=\"p1\"><span class=\"s1\">\u201cDas gr\u00f6sste Geschenk\u201d ist ein interaktives Buch durch die Weihnachtsgeschichte. Weihnachten ist Jesus&#8216; Geburtstag und durch die Geschichte von Maria und Josef \u2013 und auch einen Abstecher zu Eva und Adam \u2013 entdecken die Kinder, dass Gott uns nah sein m\u00f6chte, weil er uns lieb hat, und erfahren was eigentlich das gr\u00f6\u00dfte Geschenk an Weihnachten ist. <\/span><\/p>\n<p class=\"p1\"><span class=\"s1\"> Kurz genug, dass auch die ganz Kleinen aufmerksam zuh\u00f6ren und die Gro\u00dfen den Text schon selber lesen k\u00f6nnen. Au\u00dferdem enth\u00e4lt es ausgew\u00e4hlte Weihnachtslieder. Wenn ihr es machen wollt wie wir: Jeden Tag im Advent treffen wir uns f\u00fcr zehn Minuten, z\u00fcnden eine Kerze an, die Kinder malen und lesen ihr Bild f\u00fcr den Tag und wir singen gemeinsam ein Weihnachtslied. Diese gemeinsame Zeit erleben wir als gro\u00dfes Geschenk.<\/span><\/p>\n<p>&nbsp;<\/p>\n<p>Die heruntergeladenen, ausgedruckten Seiten kannst du Lochen und mit einer Schleife zusammen binden oder in eine Mappe heften. Wenn du es genau so haben m\u00f6chtest, wie du es bei mir auf den Bilder siehst, kannst du den Verlinkungen hier folgen und die genau passenden Produkte kaufen:<\/p>\n<p><a href=\"https:\/\/amzn.to\/3h76pL6\">Buchbinderinge<\/a><\/p>\n<p><a href=\"https:\/\/amzn.to\/3zE6X1i\">Umweltfreundliches Zuckerrrohrpapier<\/a><\/p>\n<p><a href=\"https:\/\/amzn.to\/3U2KT8W\">Kraftpapier zur Verst\u00e4rkung<\/a><\/p>\n<p><a href=\"https:\/\/amzn.to\/3zE6X1i\">Klarsichtdeckblatt<\/a><\/p>\n<p>&nbsp;<\/p>\n<div style=\"width: 720px;\" class=\"wp-video\"><!--[if lt IE 9]><script>document.createElement('video');<\/script><![endif]-->\n<video class=\"wp-video-shortcode\" id=\"video-556-1\" width=\"720\" height=\"1280\" preload=\"metadata\" controls=\"controls\"><source type=\"video\/mp4\" src=\"https:\/\/honigdusche-shop.de\/wp-content\/uploads\/2022\/11\/d258100d473b4b7082f38ba7de2796b6.mp4?_=1\" \/><a href=\"https:\/\/honigdusche-shop.de\/wp-content\/uploads\/2022\/11\/d258100d473b4b7082f38ba7de2796b6.mp4\">https:\/\/honigdusche-shop.de\/wp-content\/uploads\/2022\/11\/d258100d473b4b7082f38ba7de2796b6.mp4<\/a><\/video><\/div>\n","protected":false},"excerpt":{"rendered":"<p><span class=\"s1\">\u201cDas gr\u00f6sste Geschenk\u201d ist ein interaktives Buch durch die Weihnachtsgeschichte. F\u00fcr Kinder von 1 bis 10 Jahren mit einem Ausmalbild und kurzem Text f\u00fcr jeden Tag im Advent.<\/span><\/p>\n","protected":false},"featured_media":561,"template":"","meta":[],"_links":{"self":[{"href":"https:\/\/honigdusche-shop.de\/index.php?rest_route=\/wp\/v2\/product\/556"}],"collection":[{"href":"https:\/\/honigdusche-shop.de\/index.php?rest_route=\/wp\/v2\/product"}],"about":[{"href":"https:\/\/honigdusche-shop.de\/index.php?rest_route=\/wp\/v2\/types\/product"}],"wp:featuredmedia":[{"embeddable":true,"href":"https:\/\/honigdusche-shop.de\/index.php?rest_route=\/wp\/v2\/media\/561"}],"wp:attachment":[{"href":"https:\/\/honigdusche-shop.de\/index.php?rest_route=%2Fwp%2Fv2%2Fmedia&parent=556"}],"curies":[{"name":"wp","href":"https:\/\/api.w.org\/{rel}","templated":true}]}}