{"id":1044,"date":"2024-11-30T14:09:27","date_gmt":"2024-11-30T14:09:27","guid":{"rendered":"https:\/\/honigdusche-shop.de\/?post_type=product&#038;p=1044"},"modified":"2025-01-15T21:27:59","modified_gmt":"2025-01-15T21:27:59","slug":"vorbestellung-buch-ein-neuer-herzschlag-inkl-geschenkgutschein","status":"publish","type":"product","link":"https:\/\/honigdusche-shop.de\/?product=vorbestellung-buch-ein-neuer-herzschlag-inkl-geschenkgutschein","title":{"rendered":"Buch &#8222;Ein Neuer Herzschlag&#8220;"},"content":{"rendered":"<p>Bei der Geburt wird nicht nur ein Kind, sondern immer auch eine Mutter geboren. Ein neues Kinderherz schl\u00e4gt und auch das eigene schl\u00e4gt auf ganz neue Weise. Sarah Keshtkaran, Alyssa Schwarz und Katharina Weck haben genau das Buch geschrieben, was <em class=\"element-background-basic-colors marker\" data-color=\"gelb-light\">sie<\/em> sich selbst gew\u00fcnscht h\u00e4tten, als sie Mutter wurden. Ein Buch, das M\u00fctter mit seinen Worten h\u00e4lt, w\u00e4hrend sie ihr Kind halten.<br \/>\nDie Autorinnen erz\u00e4hlen vom Zauber, den diese besondere Zeit rund um Schwangerschaft, Geburt und das erste Jahr umgibt. Zugleich wollen sie Mutterschaft entmystifizieren &#8211; mit authentischen, realen und auch mal schmerzhaften Erfahrungsberichten, in denen sich andere Frauen wiederfinden k\u00f6nnen &#8211; und lassen so ein Gef\u00fchl des Zusammenhalts unter M\u00fcttern entstehen. Es geht um M\u00fctter, die lieben und trotzdem oft nicht weiterwissen. Die auf der Suche nach ihrem neuen Ich sind und ihre Grenzen entdecken. Die diese neue Rolle auch mit Freiheit und Selbstliebe statt nur mit Aufopferung f\u00fcllen m\u00f6chten. Dieses Buch m\u00f6chte ihnen Kraft spenden und das erleichternde Gef\u00fchl: Sie sind nicht allein mit ihrem neuen Herzschlag. Da ist noch jemand, der sie h\u00e4lt.<\/p>\n<p>Wundersch\u00f6n gestaltet von Miriam Lang-Schlegel stimmungsvollen Fotografien von Nora Kuhn ist es ein ideales Geschenk f\u00fcr werdende Mamas, zur Geburt, f\u00fcrs Wochenbett, zum Muttertag oder einfach f\u00fcr sich selbst.<\/p>\n<div style=\"width: 704px;\" class=\"wp-video\"><!--[if lt IE 9]><script>document.createElement('video');<\/script><![endif]-->\n<video class=\"wp-video-shortcode\" id=\"video-1044-1\" width=\"704\" height=\"1280\" preload=\"metadata\" controls=\"controls\"><source type=\"video\/mp4\" src=\"https:\/\/honigdusche-shop.de\/wp-content\/uploads\/2024\/11\/2217067007008454875.mp4?_=1\" \/><a href=\"https:\/\/honigdusche-shop.de\/wp-content\/uploads\/2024\/11\/2217067007008454875.mp4\">https:\/\/honigdusche-shop.de\/wp-content\/uploads\/2024\/11\/2217067007008454875.mp4<\/a><\/video><\/div>\n","protected":false},"excerpt":{"rendered":"<p><strong>Hier kannst du das Buch direkt bei mir bestellen!<\/strong><\/p>\n<p>Ich signiere das Buch auch gern, wenn du das bei deiner Vorbestellung als Wunsch mit Namen bei &#8222;Anmerkungen zum Bestellprozess&#8220; angibst.<\/p>\n<p>Deine Sarah<\/p>\n","protected":false},"featured_media":1121,"template":"","meta":[],"_links":{"self":[{"href":"https:\/\/honigdusche-shop.de\/index.php?rest_route=\/wp\/v2\/product\/1044"}],"collection":[{"href":"https:\/\/honigdusche-shop.de\/index.php?rest_route=\/wp\/v2\/product"}],"about":[{"href":"https:\/\/honigdusche-shop.de\/index.php?rest_route=\/wp\/v2\/types\/product"}],"wp:featuredmedia":[{"embeddable":true,"href":"https:\/\/honigdusche-shop.de\/index.php?rest_route=\/wp\/v2\/media\/1121"}],"wp:attachment":[{"href":"https:\/\/honigdusche-shop.de\/index.php?rest_route=%2Fwp%2Fv2%2Fmedia&parent=1044"}],"curies":[{"name":"wp","href":"https:\/\/api.w.org\/{rel}","templated":true}]}}